{"id":4398,"date":"2020-11-12T12:58:01","date_gmt":"2020-11-12T11:58:01","guid":{"rendered":"http:\/\/tiga243.com\/product\/tiga243-water-bottle-550ml-white\/"},"modified":"2026-01-11T18:30:06","modified_gmt":"2026-01-11T17:30:06","slug":"tiga243-bidon-550ml-beli","status":"publish","type":"product","link":"https:\/\/tiga243.com\/sl\/izdelek\/tiga243-bidon-550ml-beli\/","title":{"rendered":"TIGA243 bidon 550ml BELI + BREZPLA\u010cNE NALEPKE"},"content":{"rendered":"","protected":false},"excerpt":{"rendered":"<p>Material ne pu\u0161\u010da vonja in okusa. Bidon je enostaven za uporabo in polnjenje. Oblika je posebej prilagojena, da se bolje prilega roki. BPA free.<br \/>\nOb naro\u010dilu tega bidona prejmete TIGA243 nalepke GRATIS!<\/p>\n","protected":false},"featured_media":4552,"template":"","meta":{"_acf_changed":false},"product_brand":[],"product_cat":[160,189],"product_tag":[],"class_list":{"0":"post-4398","1":"product","2":"type-product","3":"status-publish","4":"has-post-thumbnail","6":"product_cat-bidoni","7":"product_cat-razno","9":"first","10":"instock","11":"sale","12":"taxable","13":"shipping-taxable","14":"purchasable","15":"product-type-simple"},"acf":[],"_links":{"self":[{"href":"https:\/\/tiga243.com\/sl\/wp-json\/wp\/v2\/product\/4398","targetHints":{"allow":["GET"]}}],"collection":[{"href":"https:\/\/tiga243.com\/sl\/wp-json\/wp\/v2\/product"}],"about":[{"href":"https:\/\/tiga243.com\/sl\/wp-json\/wp\/v2\/types\/product"}],"wp:featuredmedia":[{"embeddable":true,"href":"https:\/\/tiga243.com\/sl\/wp-json\/wp\/v2\/media\/4552"}],"wp:attachment":[{"href":"https:\/\/tiga243.com\/sl\/wp-json\/wp\/v2\/media?parent=4398"}],"wp:term":[{"taxonomy":"product_brand","embeddable":true,"href":"https:\/\/tiga243.com\/sl\/wp-json\/wp\/v2\/product_brand?post=4398"},{"taxonomy":"product_cat","embeddable":true,"href":"https:\/\/tiga243.com\/sl\/wp-json\/wp\/v2\/product_cat?post=4398"},{"taxonomy":"product_tag","embeddable":true,"href":"https:\/\/tiga243.com\/sl\/wp-json\/wp\/v2\/product_tag?post=4398"}],"curies":[{"name":"wp","href":"https:\/\/api.w.org\/{rel}","templated":true}]}}