{"id":4401,"date":"2020-11-12T12:43:59","date_gmt":"2020-11-12T11:43:59","guid":{"rendered":"http:\/\/tiga243.com\/product\/tiga243-water-bottle-550ml-red\/"},"modified":"2025-11-20T14:19:05","modified_gmt":"2025-11-20T13:19:05","slug":"tiga243-bidon-550ml-rdec","status":"publish","type":"product","link":"https:\/\/tiga243.com\/sl\/izdelek\/tiga243-bidon-550ml-rdec\/","title":{"rendered":"TIGA243 bidon 550ml RDE\u010c + BREZPLA\u010cNE NALEPKE"},"content":{"rendered":"","protected":false},"excerpt":{"rendered":"<p>Material ne pu\u0161\u010da vonja in okusa. Bidon je enostaven za uporabo in polnjenje. Oblika je posebej prilagojena, da se bolje prilega roki. BPA free.<\/p>\n","protected":false},"featured_media":4554,"template":"","meta":{"_acf_changed":false},"product_brand":[],"product_cat":[160,189],"product_tag":[],"class_list":{"0":"post-4401","1":"product","2":"type-product","3":"status-publish","4":"has-post-thumbnail","6":"product_cat-bidoni","7":"product_cat-razno","9":"first","10":"instock","11":"taxable","12":"shipping-taxable","13":"purchasable","14":"product-type-simple"},"acf":[],"_links":{"self":[{"href":"https:\/\/tiga243.com\/sl\/wp-json\/wp\/v2\/product\/4401","targetHints":{"allow":["GET"]}}],"collection":[{"href":"https:\/\/tiga243.com\/sl\/wp-json\/wp\/v2\/product"}],"about":[{"href":"https:\/\/tiga243.com\/sl\/wp-json\/wp\/v2\/types\/product"}],"wp:featuredmedia":[{"embeddable":true,"href":"https:\/\/tiga243.com\/sl\/wp-json\/wp\/v2\/media\/4554"}],"wp:attachment":[{"href":"https:\/\/tiga243.com\/sl\/wp-json\/wp\/v2\/media?parent=4401"}],"wp:term":[{"taxonomy":"product_brand","embeddable":true,"href":"https:\/\/tiga243.com\/sl\/wp-json\/wp\/v2\/product_brand?post=4401"},{"taxonomy":"product_cat","embeddable":true,"href":"https:\/\/tiga243.com\/sl\/wp-json\/wp\/v2\/product_cat?post=4401"},{"taxonomy":"product_tag","embeddable":true,"href":"https:\/\/tiga243.com\/sl\/wp-json\/wp\/v2\/product_tag?post=4401"}],"curies":[{"name":"wp","href":"https:\/\/api.w.org\/{rel}","templated":true}]}}