{"id":5205,"date":"2020-12-29T16:58:06","date_gmt":"2020-12-29T15:58:06","guid":{"rendered":"http:\/\/tiga243.com\/?post_type=product&#038;p=5205"},"modified":"2026-04-13T21:32:36","modified_gmt":"2026-04-13T19:32:36","slug":"zenski-rdec-pulover","status":"publish","type":"product","link":"https:\/\/tiga243.com\/sl\/izdelek\/zenski-rdec-pulover\/","title":{"rendered":"\u017denski rde\u010d pulover"},"content":{"rendered":"<p>Za izdelke blagovne znamke TIGA243 je predpisano pranje pri temperaturi 30\u00b0C, s centrifugo do najve\u010d 1000 obratov. Tekstil pred pranjem obvezno obrnite od znotraj navzven. Uporabljajte neagresivna pralna sredstva. Po kon\u010danem pranju je potrebno izdelek takoj vzeti iz pralnega stroja in posu\u0161iti. \u010ce izdelki oble\u017eijo mokri dlje \u010dasa v bobnu pralnega stroja, lahko pride do prenosa barv med izdelki. Obla\u010dila ne su\u0161ite na direktnem soncu, saj lahko s tem pride do spremembe barve. Su\u0161enje v su\u0161ilnem stroju odsvetujemo zaradi kr\u010denja in hitrej\u0161e obledelosti barv. Pri likanju bodite pozorni na izbiro ustrezne temperature. Izdelke likajte po notranji strani.<\/p>\n","protected":false},"excerpt":{"rendered":"<div dir=\"auto\"><strong>Sestava:<\/strong> 86% bomba\u017e, 14% poliester<\/div>\n<div dir=\"auto\"><strong>Vzdr\u017eevanje:<\/strong> na v\u0161ivni etiketi<\/div>\n<div dir=\"auto\"><strong>Dr\u017eava porekla:<\/strong> EU<\/div>\n<h6 dir=\"auto\"><a href=\"https:\/\/tiga243.com\/wp-content\/uploads\/2022\/01\/tiga243_womens_hoodies_size_guide.jpg\" target=\"_blank\" rel=\"noopener noreferrer\"><strong><u>KLIKNITE TUKAJ ZA TABELO VELIKOSTI<\/strong><\/u><\/a><\/h6>\n","protected":false},"featured_media":5235,"template":"","meta":{"_acf_changed":false},"product_brand":[],"product_cat":[124,186],"product_tag":[],"class_list":{"0":"post-5205","1":"product","2":"type-product","3":"status-publish","4":"has-post-thumbnail","6":"product_cat-oblacila","7":"product_cat-puloverji","9":"first","10":"instock","11":"sale","12":"taxable","13":"shipping-taxable","14":"purchasable","15":"product-type-variable"},"acf":[],"_links":{"self":[{"href":"https:\/\/tiga243.com\/sl\/wp-json\/wp\/v2\/product\/5205","targetHints":{"allow":["GET"]}}],"collection":[{"href":"https:\/\/tiga243.com\/sl\/wp-json\/wp\/v2\/product"}],"about":[{"href":"https:\/\/tiga243.com\/sl\/wp-json\/wp\/v2\/types\/product"}],"wp:featuredmedia":[{"embeddable":true,"href":"https:\/\/tiga243.com\/sl\/wp-json\/wp\/v2\/media\/5235"}],"wp:attachment":[{"href":"https:\/\/tiga243.com\/sl\/wp-json\/wp\/v2\/media?parent=5205"}],"wp:term":[{"taxonomy":"product_brand","embeddable":true,"href":"https:\/\/tiga243.com\/sl\/wp-json\/wp\/v2\/product_brand?post=5205"},{"taxonomy":"product_cat","embeddable":true,"href":"https:\/\/tiga243.com\/sl\/wp-json\/wp\/v2\/product_cat?post=5205"},{"taxonomy":"product_tag","embeddable":true,"href":"https:\/\/tiga243.com\/sl\/wp-json\/wp\/v2\/product_tag?post=5205"}],"curies":[{"name":"wp","href":"https:\/\/api.w.org\/{rel}","templated":true}]}}